{"id":159,"date":"2022-07-17T17:26:24","date_gmt":"2022-07-17T17:26:24","guid":{"rendered":"https:\/\/stz-gmbh.ch\/?page_id=159"},"modified":"2022-07-17T17:38:16","modified_gmt":"2022-07-17T17:38:16","slug":"start","status":"publish","type":"page","link":"https:\/\/stz-gmbh.ch\/","title":{"rendered":""},"content":{"rendered":"\r\n<p>&nbsp;<\/p>\r\n\r\n\r\n<div class=\"wp-block-image\">\r\n<figure class=\"aligncenter size-large is-resized\"><img loading=\"lazy\" decoding=\"async\" class=\"aligncenter wp-image-83 size-large\" src=\"http:\/\/stz-gmbh.ch\/wp-content\/uploads\/2022\/04\/DSCF8363-e1658079452274-1024x376.jpg\" alt=\"\" width=\"1024\" height=\"376\" srcset=\"https:\/\/stz-gmbh.ch\/wp-content\/uploads\/2022\/04\/DSCF8363-e1658079452274-1024x376.jpg 1024w, https:\/\/stz-gmbh.ch\/wp-content\/uploads\/2022\/04\/DSCF8363-e1658079452274-300x110.jpg 300w, https:\/\/stz-gmbh.ch\/wp-content\/uploads\/2022\/04\/DSCF8363-e1658079452274-768x282.jpg 768w, https:\/\/stz-gmbh.ch\/wp-content\/uploads\/2022\/04\/DSCF8363-e1658079452274.jpg 1360w\" sizes=\"auto, (max-width: 1024px) 100vw, 1024px\" \/><\/figure>\r\n<\/div>\r\n\r\n\r\n<p>Wir sind der unabh\u00e4ngige und neutrale Partner f\u00fcr Ihre Sicherheit.<\/p>\r\n\r\n\r\n\r\n<p>Unsere Dienstleistung wird weit \u00fcber die Stadtgrenzen bis ins Ausland zu folgenden Themen gesch\u00e4tzt und t\u00e4glich in Anspruch genommen.<\/p>\r\n\r\n\r\n\r\n<p>Planung \u2013 Beratung &#8211; Konzeption<br \/>Verkauf \u2013 Wartung &#8211; Instandhaltung<\/p>\r\n\r\n\r\n\r\n<p>Wir sind im Herzen der Stadt Z\u00fcrich, nahe SZU-Bahnhof Selnau und Stauffacher mit unserem Ladengesch\u00e4ft gerne f\u00fcr Sie da. Bei uns finden Sie fast immer einen Parkplatz in unmittelbarer N\u00e4he f\u00fcr Ihr Auto.<\/p>\r\n\r\n\r\n\r\n<p>Vielen Produkten geben ein zweites Leben, so tragen wir Sorge zur Umwelt \u2013 Wiederverwenden statt Entsorgen.<\/p>\r\n\r\n\r\n\r\n<p>Durch unsere T\u00e4tigkeit in vielen Branchen k\u00f6nnen wir f\u00fcr Sie immer die perfekte L\u00f6sung ermitteln, sei es bei der Beratung und Konzepterstellung von neuen Schliessanlagen, T\u00fcr- und Torreparaturen, Wartung von Ihrem Schliessystem, korrektes Einstellen des T\u00fcrschliessers an der Haust\u00fcre, Einbruchschutzsicherung f\u00fcr ihre vier W\u00e4nde oder Ihr Gesch\u00e4ft, Beschriftung von Briefk\u00e4sten und Sonnerien und Wertschutzsicherungsberatung (Versicherungsbedingungen erf\u00fcllt), elektronische Zutrittssysteme, Motorschl\u00f6sser zur automatischen Schliessung oder \u00d6ffnung Ihrer T\u00fcre, Schl\u00fcsseltresore, Ersatzschl\u00fcssel f\u00fcr Ihr E-Bike oder einfach ein T\u00fcrschliesser f\u00fcr Ihr Gartentor \u2013 wir haben immer eine L\u00f6sung f\u00fcr Sie bereit.<\/p>\r\n\r\n\r\n\r\n<p>St\u00f6bern Sie auf unserer Homepage und melden Sie sich bei Fragen \u2013 wir sind f\u00fcr Sie da.<\/p>\r\n\r\n\r\n\r\n<figure class=\"wp-block-image size-large\"><img loading=\"lazy\" decoding=\"async\" width=\"1024\" height=\"576\" class=\"wp-image-89\" src=\"http:\/\/stz-gmbh.ch\/wp-content\/uploads\/2022\/04\/DSCF8373-1024x576.jpg\" alt=\"\" srcset=\"https:\/\/stz-gmbh.ch\/wp-content\/uploads\/2022\/04\/DSCF8373-1024x576.jpg 1024w, https:\/\/stz-gmbh.ch\/wp-content\/uploads\/2022\/04\/DSCF8373-300x169.jpg 300w, https:\/\/stz-gmbh.ch\/wp-content\/uploads\/2022\/04\/DSCF8373-768x432.jpg 768w, https:\/\/stz-gmbh.ch\/wp-content\/uploads\/2022\/04\/DSCF8373-1536x864.jpg 1536w, https:\/\/stz-gmbh.ch\/wp-content\/uploads\/2022\/04\/DSCF8373.jpg 1804w\" sizes=\"auto, (max-width: 1024px) 100vw, 1024px\" \/><\/figure>\r\n","protected":false},"excerpt":{"rendered":"<p>&nbsp; Wir sind der unabh\u00e4ngige und neutrale Partner f\u00fcr Ihre Sicherheit. Unsere Dienstleistung wird weit \u00fcber die Stadtgrenzen bis ins Ausland zu folgenden Themen gesch\u00e4tzt und t\u00e4glich in Anspruch genommen. Planung \u2013 Beratung &#8211; KonzeptionVerkauf \u2013 Wartung &#8211; Instandhaltung Wir sind im Herzen der Stadt Z\u00fcrich, nahe SZU-Bahnhof Selnau und Stauffacher mit unserem Ladengesch\u00e4ft gerne&hellip;&nbsp;<a href=\"https:\/\/stz-gmbh.ch\/\" rel=\"bookmark\">Weiterlesen &raquo;<span class=\"screen-reader-text\"><\/span><\/a><\/p>\n","protected":false},"author":2,"featured_media":0,"parent":0,"menu_order":0,"comment_status":"closed","ping_status":"closed","template":"","meta":{"neve_meta_sidebar":"","neve_meta_container":"","neve_meta_enable_content_width":"off","neve_meta_content_width":100,"neve_meta_title_alignment":"","neve_meta_author_avatar":"","neve_post_elements_order":"","neve_meta_disable_header":"","neve_meta_disable_footer":"","neve_meta_disable_title":"","footnotes":""},"class_list":["post-159","page","type-page","status-publish","hentry"],"_links":{"self":[{"href":"https:\/\/stz-gmbh.ch\/index.php?rest_route=\/wp\/v2\/pages\/159","targetHints":{"allow":["GET"]}}],"collection":[{"href":"https:\/\/stz-gmbh.ch\/index.php?rest_route=\/wp\/v2\/pages"}],"about":[{"href":"https:\/\/stz-gmbh.ch\/index.php?rest_route=\/wp\/v2\/types\/page"}],"author":[{"embeddable":true,"href":"https:\/\/stz-gmbh.ch\/index.php?rest_route=\/wp\/v2\/users\/2"}],"replies":[{"embeddable":true,"href":"https:\/\/stz-gmbh.ch\/index.php?rest_route=%2Fwp%2Fv2%2Fcomments&post=159"}],"version-history":[{"count":5,"href":"https:\/\/stz-gmbh.ch\/index.php?rest_route=\/wp\/v2\/pages\/159\/revisions"}],"predecessor-version":[{"id":168,"href":"https:\/\/stz-gmbh.ch\/index.php?rest_route=\/wp\/v2\/pages\/159\/revisions\/168"}],"wp:attachment":[{"href":"https:\/\/stz-gmbh.ch\/index.php?rest_route=%2Fwp%2Fv2%2Fmedia&parent=159"}],"curies":[{"name":"wp","href":"https:\/\/api.w.org\/{rel}","templated":true}]}}