{"id":13,"date":"2022-04-14T12:44:37","date_gmt":"2022-04-14T12:44:37","guid":{"rendered":"http:\/\/stz-gmbh.ch\/?page_id=13"},"modified":"2022-07-15T06:52:58","modified_gmt":"2022-07-15T06:52:58","slug":"ueber-uns","status":"publish","type":"page","link":"https:\/\/stz-gmbh.ch\/?page_id=13","title":{"rendered":"\u00dcber uns"},"content":{"rendered":"<div class=\"wpb-content-wrapper\"><p>[vc_row][vc_column][vc_row_inner][vc_column_inner][vc_column_text]<\/p>\n<h3>Firma<\/h3>\n<p>[\/vc_column_text][\/vc_column_inner][\/vc_row_inner][vc_column_text]<\/p>\n<p>Mit unserem Team von Fachleuten sind wir in und um Z\u00fcrich eines der bekanntesten Schl\u00fcssel- und Schlossservice Unternehmen. Unsere Kunden sch\u00e4tzen unsere versierte und kompetente Art bei der L\u00f6sung eines Problems. Die langj\u00e4hrige Partnerschaft und Zusammenarbeit mit den f\u00fchrenden Lieferanten erm\u00f6glicht es uns, Ihnen die beste Leistung zu bieten und einen hervorragenden Service zu gew\u00e4hrleisten.<\/p>\n<p>[\/vc_column_text][\/vc_column][\/vc_row][vc_row][vc_column][vc_row_inner][vc_column_inner][vc_column_text]<\/p>\n<h3>Adresse<\/h3>\n<p>[\/vc_column_text][\/vc_column_inner][\/vc_row_inner][vc_column_text]<\/p>\n<p>Sicherheit Technik Z\u00fcrich STZ GmbH<br \/>\nMorgartenstrasse 11<br \/>\n8004 Z\u00fcrich<\/p>\n<p>Telefon: 044 242 56 66<\/p>\n<p>E-Mail: info@stz-gmbh.ch<\/p>\n<p>[\/vc_column_text][vc_gmaps link=&#8221;#E-8_JTNDaWZyYW1lJTIwc3JjJTNEJTIyaHR0cHMlM0ElMkYlMkZ3d3cuZ29vZ2xlLmNvbSUyRm1hcHMlMkZlbWJlZCUzRnBiJTNEJTIxMW0xNCUyMTFtOCUyMTFtMyUyMTFkMTc1Mi4wODI2ODkyMTAyMzg2JTIxMmQ4LjUyODMxOTE5MTQ3MjY2OSUyMTNkNDcuMzcxMzQyOTUxNzk3NDQ1JTIxM20yJTIxMWkxMDI0JTIxMmk3NjglMjE0ZjEzLjElMjEzbTMlMjExbTIlMjExczB4MCUyNTNBMHhlMmY0OTZkYzcwMjUxM2ViJTIxMnNTY2hsaWVzc3RlY2huaWslMjUyMFolMjVDMyUyNUJDcmljaCUyNTIwU1RaJTI1MjBHbWJIJTIxNWUwJTIxM20yJTIxMXNkZSUyMTJzY2glMjE0djE2NTE4MzAxOTg2ODclMjE1bTIlMjExc2RlJTIxMnNjaCUyMiUyMHdpZHRoJTNEJTIyNjAwJTIyJTIwaGVpZ2h0JTNEJTIyNDUwJTIyJTIwc3R5bGUlM0QlMjJib3JkZXIlM0EwJTNCJTIyJTIwYWxsb3dmdWxsc2NyZWVuJTNEJTIyJTIyJTIwbG9hZGluZyUzRCUyMmxhenklMjIlMjByZWZlcnJlcnBvbGljeSUzRCUyMm5vLXJlZmVycmVyLXdoZW4tZG93bmdyYWRlJTIyJTNFJTNDJTJGaWZyYW1lJTNF&#8221; css_animation=&#8221;fadeIn&#8221;][\/vc_column][\/vc_row][vc_row][vc_column][vc_row_inner][vc_column_inner][vc_column_text]<\/p>\n<h3>\u00d6ffnungszeiten<\/h3>\n<p>[\/vc_column_text][\/vc_column_inner][\/vc_row_inner][vc_column_text]<\/p>\n<p class=\"bodytext\" style=\"line-height: 19.2pt; background: white; margin: 0cm 0cm 3.75pt 0cm;\"><b><span style=\"color: #222222;\">Montag &#8211; Donnerstag:<\/span><\/b><span class=\"apple-converted-space\"><span style=\"color: #222222;\">\u00a0<\/span><\/span><span style=\"color: #222222;\">09 \u2013 12 Uhr \/ 13 \u2013 16 Uhr<\/span><\/p>\n<p class=\"bodytext\" style=\"line-height: 19.2pt; background: white; margin: 0cm 0cm 3.75pt 0cm;\"><span style=\"color: #222222;\">Freitag: 9 \u2013 14 Uhr durchgehend<\/span><\/p>\n<p class=\"bodytext\" style=\"line-height: 19.2pt; background: white; margin: 0cm 0cm 3.75pt 0cm;\"><span style=\"color: #222222;\">\u00dcbrige Zeiten nach telefonischer Vereinbarung<\/span><\/p>\n<p>[\/vc_column_text][\/vc_column][\/vc_row][vc_row][vc_column][vc_row_inner][vc_column_inner][vc_column_text]<\/p>\n<h3>Team<\/h3>\n<p>[\/vc_column_text][\/vc_column_inner][\/vc_row_inner][vc_column_text]<\/p>\n<p>Unser erfahrenes Team verf\u00fcgt \u00fcber mehr als 110 Jahre Erfahrung im Schl\u00fcssel-und T\u00fcrservice sowie im Sicherheitsbereich.<\/p>\n<p>Wir garantieren Ihnen eine herausragende Leistung f\u00fcr Ihre Bed\u00fcrfnisse.<\/p>\n<p>[\/vc_column_text][\/vc_column][\/vc_row][vc_row][vc_column][vc_row_inner][vc_column_inner][vc_column_text]<\/p>\n<h3>Partner<\/h3>\n<p>[\/vc_column_text][\/vc_column_inner][\/vc_row_inner][vc_column_text]Wir arbeiten mit den f\u00fchrenden Herstellern der Schweiz und internationalen Anbietern zusammen. So sind wir in der Lage, f\u00fcr Sie als Kunde das Beste zu geben und mit einer hohen Fachkompetenz alle Arbeiten auszuf\u00fchren![\/vc_column_text][\/vc_column][\/vc_row][vc_row][vc_column][vc_single_image image=&#8221;83&#8243;][\/vc_column][\/vc_row]<\/p>\n<\/div>","protected":false},"excerpt":{"rendered":"<p>[vc_row][vc_column][vc_row_inner][vc_column_inner][vc_column_text] Firma [\/vc_column_text][\/vc_column_inner][\/vc_row_inner][vc_column_text] Mit unserem Team von Fachleuten sind wir in und um Z\u00fcrich eines der bekanntesten Schl\u00fcssel- und Schlossservice Unternehmen. Unsere Kunden sch\u00e4tzen unsere versierte und kompetente Art bei der L\u00f6sung eines Problems. Die langj\u00e4hrige Partnerschaft und Zusammenarbeit mit den f\u00fchrenden Lieferanten erm\u00f6glicht es uns, Ihnen die beste Leistung zu bieten und einen hervorragenden&hellip;&nbsp;<a href=\"https:\/\/stz-gmbh.ch\/?page_id=13\" rel=\"bookmark\">Weiterlesen &raquo;<span class=\"screen-reader-text\">\u00dcber uns<\/span><\/a><\/p>\n","protected":false},"author":1,"featured_media":0,"parent":0,"menu_order":0,"comment_status":"closed","ping_status":"closed","template":"","meta":{"neve_meta_sidebar":"","neve_meta_container":"","neve_meta_enable_content_width":"off","neve_meta_content_width":100,"neve_meta_title_alignment":"","neve_meta_author_avatar":"","neve_post_elements_order":"","neve_meta_disable_header":"","neve_meta_disable_footer":"","neve_meta_disable_title":"","footnotes":""},"class_list":["post-13","page","type-page","status-publish","hentry"],"_links":{"self":[{"href":"https:\/\/stz-gmbh.ch\/index.php?rest_route=\/wp\/v2\/pages\/13","targetHints":{"allow":["GET"]}}],"collection":[{"href":"https:\/\/stz-gmbh.ch\/index.php?rest_route=\/wp\/v2\/pages"}],"about":[{"href":"https:\/\/stz-gmbh.ch\/index.php?rest_route=\/wp\/v2\/types\/page"}],"author":[{"embeddable":true,"href":"https:\/\/stz-gmbh.ch\/index.php?rest_route=\/wp\/v2\/users\/1"}],"replies":[{"embeddable":true,"href":"https:\/\/stz-gmbh.ch\/index.php?rest_route=%2Fwp%2Fv2%2Fcomments&post=13"}],"version-history":[{"count":12,"href":"https:\/\/stz-gmbh.ch\/index.php?rest_route=\/wp\/v2\/pages\/13\/revisions"}],"predecessor-version":[{"id":153,"href":"https:\/\/stz-gmbh.ch\/index.php?rest_route=\/wp\/v2\/pages\/13\/revisions\/153"}],"wp:attachment":[{"href":"https:\/\/stz-gmbh.ch\/index.php?rest_route=%2Fwp%2Fv2%2Fmedia&parent=13"}],"curies":[{"name":"wp","href":"https:\/\/api.w.org\/{rel}","templated":true}]}}